{"id":81,"date":"2018-05-24T19:29:49","date_gmt":"2018-05-24T19:29:49","guid":{"rendered":"http:\/\/wordpress.cope.de\/?page_id=81"},"modified":"2020-01-05T14:58:14","modified_gmt":"2020-01-05T12:58:14","slug":"unser-team","status":"publish","type":"page","link":"https:\/\/cope.de\/?page_id=81","title":{"rendered":"Unser Team"},"content":{"rendered":"<h2>cope und Partner f\u00fcr Ihre Themen<\/h2>\n<h2>Wen k\u00f6nnen sie erwarten?<\/h2>\n\n<table id=\"tablepress-6\" class=\"tablepress tablepress-id-6\">\n<tbody class=\"row-striping row-hover\">\n<tr class=\"row-1\">\n\t<td class=\"column-1\"><img loading=\"lazy\" decoding=\"async\" src=\"https:\/\/cope.de\/wp-content\/uploads\/2021\/04\/cope-44-300x200.jpg\" alt=\"\" width=\"300\" height=\"200\" class=\"alignnone size-medium wp-image-340\" srcset=\"https:\/\/cope.de\/wp-content\/uploads\/2021\/04\/cope-44-300x200.jpg 300w, https:\/\/cope.de\/wp-content\/uploads\/2021\/04\/cope-44-1024x683.jpg 1024w, https:\/\/cope.de\/wp-content\/uploads\/2021\/04\/cope-44-768x512.jpg 768w, https:\/\/cope.de\/wp-content\/uploads\/2021\/04\/cope-44-1536x1024.jpg 1536w, https:\/\/cope.de\/wp-content\/uploads\/2021\/04\/cope-44-2048x1365.jpg 2048w, https:\/\/cope.de\/wp-content\/uploads\/2021\/04\/cope-44-1200x800.jpg 1200w\" sizes=\"auto, (max-width: 300px) 85vw, 300px\" \/><\/td><td class=\"column-2\"><h3>Ihre Spezialistin f\u00fcr Zusammenarbeit:<\/h3><br \/>\n<br \/>\n<a href=\"https:\/\/cope.de\/?page_id=97\">Christine Maurer<\/a><br \/>\nGesch\u00e4ftsf\u00fchrerin cope OHG<\/td>\n<\/tr>\n<tr class=\"row-2\">\n\t<td class=\"column-1\"><a href=\"https:\/\/cope.de\/wp-content\/uploads\/2018\/05\/mwk2.jpg\"><img loading=\"lazy\" decoding=\"async\" src=\"https:\/\/cope.de\/wp-content\/uploads\/2018\/05\/mwk2.jpg\" alt=\"\" width=\"181\" height=\"250\" class=\"alignleft size-full wp-image-85\" \/><\/a><\/td><td class=\"column-2\"><h3>Ihre Spezialistin f\u00fcr unternehmerische und pers\u00f6nliche Ver\u00e4nderungsprozesse:<\/h3><br \/>\n<br \/>\n<a href=\"https:\/\/cope.de\/?page_id=109\">Monika Wetterauer-Kopka<\/a><br \/>\nMitglied des copenet<\/td>\n<\/tr>\n<\/tbody>\n<\/table>\n<!-- #tablepress-6 from cache -->\n<p>Je nach Aufgabenstellung und Inhalten arbeitet cope mit weiteren KollegInnen zusammen. Lassen Sie uns schauen, welche Expertise Sie ben\u00f6tigen.<\/p>\n","protected":false},"excerpt":{"rendered":"<p>cope und Partner f\u00fcr Ihre Themen Wen k\u00f6nnen sie erwarten? Je nach Aufgabenstellung und Inhalten arbeitet cope mit weiteren KollegInnen zusammen. Lassen Sie uns schauen, welche Expertise Sie ben\u00f6tigen.<\/p>\n","protected":false},"author":1,"featured_media":0,"parent":0,"menu_order":0,"comment_status":"closed","ping_status":"closed","template":"","meta":{"footnotes":""},"class_list":["post-81","page","type-page","status-publish","hentry"],"_links":{"self":[{"href":"https:\/\/cope.de\/index.php?rest_route=\/wp\/v2\/pages\/81","targetHints":{"allow":["GET"]}}],"collection":[{"href":"https:\/\/cope.de\/index.php?rest_route=\/wp\/v2\/pages"}],"about":[{"href":"https:\/\/cope.de\/index.php?rest_route=\/wp\/v2\/types\/page"}],"author":[{"embeddable":true,"href":"https:\/\/cope.de\/index.php?rest_route=\/wp\/v2\/users\/1"}],"replies":[{"embeddable":true,"href":"https:\/\/cope.de\/index.php?rest_route=%2Fwp%2Fv2%2Fcomments&post=81"}],"version-history":[{"count":5,"href":"https:\/\/cope.de\/index.php?rest_route=\/wp\/v2\/pages\/81\/revisions"}],"predecessor-version":[{"id":246,"href":"https:\/\/cope.de\/index.php?rest_route=\/wp\/v2\/pages\/81\/revisions\/246"}],"wp:attachment":[{"href":"https:\/\/cope.de\/index.php?rest_route=%2Fwp%2Fv2%2Fmedia&parent=81"}],"curies":[{"name":"wp","href":"https:\/\/api.w.org\/{rel}","templated":true}]}}