{"id":76,"date":"2018-05-24T19:05:20","date_gmt":"2018-05-24T19:05:20","guid":{"rendered":"http:\/\/wordpress.cope.de\/?page_id=76"},"modified":"2018-05-24T19:32:09","modified_gmt":"2018-05-24T19:32:09","slug":"stimmen-zu-cope","status":"publish","type":"page","link":"https:\/\/cope.de\/?page_id=76","title":{"rendered":"Stimmen zu cope"},"content":{"rendered":"<h2>Teilnehmerin eines Workshops zu Projektmanagement<\/h2>\n<p>aus der Auswertung von Frageb\u00f6gen eines gro\u00dfen chem. Unternehmens (DAX-notiert):<\/p>\n<p>Das hat mir gefallen &#8230;<\/p>\n<p>Antworten:<\/p>\n<p>Frau Maurer hat es geschafft, die notwendige Klarheit und Transparenz rein zu bringen, an was es eigentlich im Team fehlt und wo die Stellschrauben sind, um das &#8222;Projekt&#8220; erfolgreich abschliessen zu k\u00f6nnen. Sehr professionell mit dem notwendigen Mut und Durchsetzungsverm\u00f6gen auch die unangenehmen Dinge anzusprechen und klare Worte aus zu richten.<br \/>\nHat mir dieses Mal wirklich hervorragend gefallen<\/p>\n<p>[Anmerkung cope: Es gab einen Tippfehler im Namen &#8222;Maurer&#8220;, der hier korrigiert wurde, ansonsten wurde der Text ohne Ver\u00e4nderung abgeschrieben.]<\/p>\n<h2>gro\u00dfes chemisches Unternehmen<\/h2>\n<p>Dr. B. D., Weiterbildungsverantwortlicher:<\/p>\n<p>Ich darf mich heute bei Ihnen beiden ganz herzlich bedanken f\u00fcr die langj\u00e4hrige, gute und unkomplizierte Zusammenarbeit. Ihre gro\u00dfe Fachkompetenz, Zuverl\u00e4ssigkeit und F\u00e4higkeit, den Teilnehmern auch komplizierte Zusammenh\u00e4nge einfach und motivierend zu vermitteln, sowie Ihre freundliche Art, auf die Menschen zuzugehen, haben es mir leicht gemacht, Ihnen unsere Trainingsauftr\u00e4ge anzuvertrauen.<\/p>\n<h2>Projektleitung Pastoralb\u00fcro, Erzbistum K\u00f6ln<\/h2>\n<p>Auszug aus einem Schreiben:<\/p>\n<p>Wir bedanken uns<\/p>\n<ul>\n<li>f\u00fcr Ihr kritisch-konstruktives Mitdenken und -lenken in allen Projektphasen<\/li>\n<li>f\u00fcr Ihre hohe Fachlichkeit<\/li>\n<li>f\u00fcr die gro\u00dfe Klarheit in den Handlungsschritten,<\/li>\n<li>Ihre absolute Zuverl\u00e4ssigkeit<\/li>\n<\/ul>\n<p>und daf\u00fcr, dass sich all dies in \u00e4u\u00dferst angenehmer Weise vollziehen konnte.<\/p>\n<p><b>&#8222;Gesamtpr\u00e4dikat: sehr empfehlenswert!&#8220;<\/b><\/p>\n<p>Das Statement im Original k\u00f6nnen Sie <a href=\"http:\/\/wordpress.cope.de\/wp-content\/uploads\/2018\/05\/pastoralbuero.pdf\" target=\"_blank\" rel=\"noopener\">hier nachlesen<\/a>.<\/p>\n<h2>K. Bippes, Sparkassen Informatik Karlsruhe<\/h2>\n<p>Bei cope habe ich kompetente Ansprechpartner zur Reflektion von Organisationsentwicklungs-Prozessen gefunden. Besonders sch\u00e4tze ich die M\u00f6glichkeit von Telefoncoaching und zeitnahe Terminvereinbarungen. Meine Erfahrungen mit cope sind sehr gut &#8211; auf jeden Fall empfehlenswert!<\/p>\n<h2>Jutta H\u00e4user, Trainervermittlerin<\/h2>\n<p>In vielen Jahren der Zusammenarbeit ist f\u00fcr mich Christine Maurer eine der ersten Adressen im gesamten Themenfeld &#8222;Arbeitsorganisation&#8220;. Von meinen Kunden habe ich nur beste R\u00fcckmeldungen erhalten.<\/p>\n<h2>Annemarie Klinger, BASF SE<\/h2>\n<p>Ich darf Ihnen ein gro\u00dfes Kompliment weitergeben: Die Teilnehmerinnen sind &#8211; wie auch schon bei der ersten Staffel &#8211; von Ihrer Pers\u00f6nlichkeit und Ihrer Art, &#8222;Dinge&#8220; zu vermitteln, sehr angetan. Wir m\u00f6chten Ihnen ganz herzlich danken f\u00fcr die sp\u00fcrbaren Ver\u00e4nderungen, die Sie mit Ihrem Engagement bei unseren Mitarbeiterinnen in Bezug auf die Einsch\u00e4tzung ihrer beruflichen Aufgaben und im t\u00e4glichen Umgang miteinander bewirken. Dank Ihrer Initiative sind die Teilnehmerinnen in ihrem Berufsalltag ein beachtliches St\u00fcck vorangekommen.<\/p>\n<h2>IHK Darmstadt<\/h2>\n<p>Stimmen der Teilnehmer beim Seminar &#8222;Effiziente Arbeitsorganisation&#8220;:<br \/>\nSuper-Seminar.<br \/>\nIch habe viel gelernt.<br \/>\nDie Beispiele sind hilfreich und sofort in die Praxis umzusetzen.<\/p>\n<h2>Bistum Trier, Abt. Personalf\u00f6rderung<\/h2>\n<p>cope arbeitet kompetent im Auftrag und unkompliziert in der Zusammenarbeit.<\/p>\n<h2>gro\u00dfer Reiseveranstalter<\/h2>\n<p>Einige Teilnehmerstimmen des Seminars Projektmanagement:<\/p>\n<p>&#8222;Ein rundum gelungenes Seminar&#8220;<br \/>\n&#8222;sehr gute Rhetorik, visuelle Darstellungen waren einpr\u00e4gsam&#8220;<br \/>\n&#8222;Ich habe durch diese Schulung neue pers\u00f6nliche Ziele!&#8220;<br \/>\n&#8222;Absolute Profitrainerin, man konnte auch viel \u00fcber Moderation lernen&#8220;<\/p>\n","protected":false},"excerpt":{"rendered":"<p>Teilnehmerin eines Workshops zu Projektmanagement aus der Auswertung von Frageb\u00f6gen eines gro\u00dfen chem. Unternehmens (DAX-notiert): Das hat mir gefallen &#8230; Antworten: Frau Maurer hat es geschafft, die notwendige Klarheit und Transparenz rein zu bringen, an was es eigentlich im Team fehlt und wo die Stellschrauben sind, um das &#8222;Projekt&#8220; erfolgreich abschliessen zu k\u00f6nnen. Sehr professionell &hellip; <a href=\"https:\/\/cope.de\/?page_id=76\" class=\"more-link\"><span class=\"screen-reader-text\">\u201eStimmen zu cope\u201c <\/span>weiterlesen<\/a><\/p>\n","protected":false},"author":1,"featured_media":0,"parent":0,"menu_order":0,"comment_status":"closed","ping_status":"closed","template":"","meta":{"footnotes":""},"class_list":["post-76","page","type-page","status-publish","hentry"],"_links":{"self":[{"href":"https:\/\/cope.de\/index.php?rest_route=\/wp\/v2\/pages\/76","targetHints":{"allow":["GET"]}}],"collection":[{"href":"https:\/\/cope.de\/index.php?rest_route=\/wp\/v2\/pages"}],"about":[{"href":"https:\/\/cope.de\/index.php?rest_route=\/wp\/v2\/types\/page"}],"author":[{"embeddable":true,"href":"https:\/\/cope.de\/index.php?rest_route=\/wp\/v2\/users\/1"}],"replies":[{"embeddable":true,"href":"https:\/\/cope.de\/index.php?rest_route=%2Fwp%2Fv2%2Fcomments&post=76"}],"version-history":[{"count":3,"href":"https:\/\/cope.de\/index.php?rest_route=\/wp\/v2\/pages\/76\/revisions"}],"predecessor-version":[{"id":80,"href":"https:\/\/cope.de\/index.php?rest_route=\/wp\/v2\/pages\/76\/revisions\/80"}],"wp:attachment":[{"href":"https:\/\/cope.de\/index.php?rest_route=%2Fwp%2Fv2%2Fmedia&parent=76"}],"curies":[{"name":"wp","href":"https:\/\/api.w.org\/{rel}","templated":true}]}}