{"id":68,"date":"2018-05-24T15:54:35","date_gmt":"2018-05-24T15:54:35","guid":{"rendered":"http:\/\/wordpress.cope.de\/?page_id=68"},"modified":"2025-01-06T16:16:54","modified_gmt":"2025-01-06T14:16:54","slug":"sichtbares-unserer-arbeit","status":"publish","type":"page","link":"https:\/\/cope.de\/?page_id=68","title":{"rendered":"Sichtbares unserer Arbeit"},"content":{"rendered":"<h2>Hier k\u00f6nnen Sie unsere Arbeit &#8222;erleben&#8220;!<\/h2>\n<ul>\n<li>cope war die <b>Projektberatung<\/b> zur Erstellung des &#8222;Handbuch des zentralen Pfarrb\u00fcros im Bistum Limburg&#8220; \u00fcbernommen und die Erstellung des Handbuchs mit Rat und Tat begleitet. <a title=\"Handbuch Pfarrb\u00fcro\" href=\"https:\/\/qs-zentrales-pfarrbuero.bistumlimburg.de\/beitrag\/handbuch-des-zentralen-pfarrbueros-im-bistum-limburg-1\/\" target=\"_blank\" rel=\"noopener noreferrer\">Die Ergebnisse finden sich hier<\/a>.<\/li>\n<li>cope war <b>Projektcoach<\/b> f\u00fcr das Projekt Pastoralb\u00fcro des Erzbistums K\u00f6ln. Das Projektergebnis k\u00f6nnen Sie <a title=\"\" href=\"https:\/\/www.erzbistum-koeln.de\/kirche_vor_ort\/service_pfarrgemeinden\/pastoralbuero\/pastoralbuero_download\/index.html\" target=\"_blank\" rel=\"noopener noreferrer\">hier nachlesen<\/a>.<\/li>\n<li>cope hat teilweise den Bistumsprozess Fulda 2030 begleitet.<\/li>\n<li>Christine Maurer finden Sie im Jahresprogramm der IHK Darmstadt.<\/li>\n<li>Christine Maurer arbeitet f\u00fcr die Haufe-Akademie sowohl mit Webinaren, als auch mit Pr\u00e4senztrainings.<\/li>\n<li>In 2018 begann Christine Maurer mit einem youtube-Kanal mit Kurz-Videos.\u00a0 Zum den bisherigen Videos kommen Sie <a href=\"https:\/\/www.youtube.com\/channel\/UCpR_kM5oowbqtr_9UuUqCEg?view_as=subscriber\">hier.<\/a><\/li>\n<li>Christine Maurer ist auf LinkedIn aktiv:\n<p><a href=\"http:\/\/www.linkedin.com\/in\/copeohg\">www.linkedin.com\/in\/copeohg<\/a><\/p>\n<\/li>\n<\/ul>\n\n\n<p><\/p>\n","protected":false},"excerpt":{"rendered":"<p>Hier k\u00f6nnen Sie unsere Arbeit &#8222;erleben&#8220;! cope war die Projektberatung zur Erstellung des &#8222;Handbuch des zentralen Pfarrb\u00fcros im Bistum Limburg&#8220; \u00fcbernommen und die Erstellung des Handbuchs mit Rat und Tat begleitet. Die Ergebnisse finden sich hier. cope war Projektcoach f\u00fcr das Projekt Pastoralb\u00fcro des Erzbistums K\u00f6ln. Das Projektergebnis k\u00f6nnen Sie hier nachlesen. cope hat teilweise &hellip; <a href=\"https:\/\/cope.de\/?page_id=68\" class=\"more-link\"><span class=\"screen-reader-text\">\u201eSichtbares unserer Arbeit\u201c <\/span>weiterlesen<\/a><\/p>\n","protected":false},"author":1,"featured_media":318,"parent":0,"menu_order":0,"comment_status":"closed","ping_status":"closed","template":"","meta":{"footnotes":""},"class_list":["post-68","page","type-page","status-publish","has-post-thumbnail","hentry"],"_links":{"self":[{"href":"https:\/\/cope.de\/index.php?rest_route=\/wp\/v2\/pages\/68","targetHints":{"allow":["GET"]}}],"collection":[{"href":"https:\/\/cope.de\/index.php?rest_route=\/wp\/v2\/pages"}],"about":[{"href":"https:\/\/cope.de\/index.php?rest_route=\/wp\/v2\/types\/page"}],"author":[{"embeddable":true,"href":"https:\/\/cope.de\/index.php?rest_route=\/wp\/v2\/users\/1"}],"replies":[{"embeddable":true,"href":"https:\/\/cope.de\/index.php?rest_route=%2Fwp%2Fv2%2Fcomments&post=68"}],"version-history":[{"count":8,"href":"https:\/\/cope.de\/index.php?rest_route=\/wp\/v2\/pages\/68\/revisions"}],"predecessor-version":[{"id":23073,"href":"https:\/\/cope.de\/index.php?rest_route=\/wp\/v2\/pages\/68\/revisions\/23073"}],"wp:featuredmedia":[{"embeddable":true,"href":"https:\/\/cope.de\/index.php?rest_route=\/wp\/v2\/media\/318"}],"wp:attachment":[{"href":"https:\/\/cope.de\/index.php?rest_route=%2Fwp%2Fv2%2Fmedia&parent=68"}],"curies":[{"name":"wp","href":"https:\/\/api.w.org\/{rel}","templated":true}]}}