{"id":132,"date":"2018-05-24T20:58:16","date_gmt":"2018-05-24T20:58:16","guid":{"rendered":"http:\/\/wordpress.cope.de\/?page_id=132"},"modified":"2021-04-21T15:44:47","modified_gmt":"2021-04-21T13:44:47","slug":"moderation","status":"publish","type":"page","link":"https:\/\/cope.de\/?page_id=132","title":{"rendered":"Moderation"},"content":{"rendered":"<h2>Die cope-Moderation<\/h2>\n<div class=\"paragraph\">\n<ul>\n<li>Wir moderieren kompetent und zielorientiert Meetings, Besprechungen, Workshops, Veranstaltungen, etc.<\/li>\n<li>Sie k\u00f6nnen sich auf die Inhalte konzentrieren<\/li>\n<li>Gemeinsam legen wir das Ziel fest<\/li>\n<li>Wir arbeiten die Dramaturgie aus &#8211; und f\u00fchren sie aus<\/li>\n<\/ul>\n<h3>Moderation in Ver\u00e4nderungsprozessen<\/h3>\n<p>Seit einigen Jahren hat cope eine hohe Expertise entwickelt, durch Moderation Ver\u00e4nderungsprojekte zu begleiten. Im Unterschied zur Beratung gilt, dass der Kunde &#8222;alles&#8220; schon hat, was er f\u00fcr die Ver\u00e4nderung ben\u00f6tigt.<\/p>\n<p>Mit Moderation z. B. der Projektleitung oder der Steuerungsgruppe:<\/p>\n<ul>\n<li>werden vorhandene Ressourcen genutzt<\/li>\n<li>Verbindlichkeit entsteht<\/li>\n<li>der Prozess &#8222;bleibt auf dem Weg&#8220; &#8211; auch wenn manchmal Umwege entstehen<\/li>\n<li>das &#8222;gro\u00dfe Bild&#8220; ist klar<\/li>\n<\/ul>\n<p>Seit vier Jahren begleitet Christine Maurer einen Ver\u00e4nderungsprozess einer deutschen Di\u00f6zese.<\/p>\n<\/div>\n","protected":false},"excerpt":{"rendered":"<p>Die cope-Moderation Wir moderieren kompetent und zielorientiert Meetings, Besprechungen, Workshops, Veranstaltungen, etc. Sie k\u00f6nnen sich auf die Inhalte konzentrieren Gemeinsam legen wir das Ziel fest Wir arbeiten die Dramaturgie aus &#8211; und f\u00fchren sie aus Moderation in Ver\u00e4nderungsprozessen Seit einigen Jahren hat cope eine hohe Expertise entwickelt, durch Moderation Ver\u00e4nderungsprojekte zu begleiten. Im Unterschied zur &hellip; <a href=\"https:\/\/cope.de\/?page_id=132\" class=\"more-link\"><span class=\"screen-reader-text\">\u201eModeration\u201c <\/span>weiterlesen<\/a><\/p>\n","protected":false},"author":1,"featured_media":216,"parent":0,"menu_order":0,"comment_status":"closed","ping_status":"closed","template":"","meta":{"footnotes":""},"class_list":["post-132","page","type-page","status-publish","has-post-thumbnail","hentry"],"_links":{"self":[{"href":"https:\/\/cope.de\/index.php?rest_route=\/wp\/v2\/pages\/132","targetHints":{"allow":["GET"]}}],"collection":[{"href":"https:\/\/cope.de\/index.php?rest_route=\/wp\/v2\/pages"}],"about":[{"href":"https:\/\/cope.de\/index.php?rest_route=\/wp\/v2\/types\/page"}],"author":[{"embeddable":true,"href":"https:\/\/cope.de\/index.php?rest_route=\/wp\/v2\/users\/1"}],"replies":[{"embeddable":true,"href":"https:\/\/cope.de\/index.php?rest_route=%2Fwp%2Fv2%2Fcomments&post=132"}],"version-history":[{"count":3,"href":"https:\/\/cope.de\/index.php?rest_route=\/wp\/v2\/pages\/132\/revisions"}],"predecessor-version":[{"id":284,"href":"https:\/\/cope.de\/index.php?rest_route=\/wp\/v2\/pages\/132\/revisions\/284"}],"wp:featuredmedia":[{"embeddable":true,"href":"https:\/\/cope.de\/index.php?rest_route=\/wp\/v2\/media\/216"}],"wp:attachment":[{"href":"https:\/\/cope.de\/index.php?rest_route=%2Fwp%2Fv2%2Fmedia&parent=132"}],"curies":[{"name":"wp","href":"https:\/\/api.w.org\/{rel}","templated":true}]}}