{"id":129,"date":"2018-05-24T20:55:58","date_gmt":"2018-05-24T20:55:58","guid":{"rendered":"http:\/\/wordpress.cope.de\/?page_id=129"},"modified":"2021-04-21T15:37:03","modified_gmt":"2021-04-21T13:37:03","slug":"beratung","status":"publish","type":"page","link":"https:\/\/cope.de\/?page_id=129","title":{"rendered":"Beratung"},"content":{"rendered":"<h2>Die cope-Beratung<\/h2>\n<div class=\"paragraph\">\n<ul>\n<li>Wir legen mit Ihnen gemeinsam das Ziel der Ver\u00e4nderung fest<\/li>\n<li>Wir analysieren den Ist-Zustand<\/li>\n<li>Wir erarbeiten mit Ihnen gemeinsam die Wege vom Ist zum Ziel<\/li>\n<li>Wir begleiten Sie in der Umsetzung der Ma\u00dfnahmen<\/li>\n<li>Wir ziehen mit Ihnen gemeinsam Bilanz<\/li>\n<\/ul>\n<p>Davon gehen wir aus:<\/p>\n<ul>\n<li>Sie wissen bereits, dass Ver\u00e4nderung n\u00f6tig ist.<\/li>\n<li>Sie brauchen eine Wegbegleitung, aber keine &#8222;Besserwisser&#8220;.<\/li>\n<li>Sie suchen Verbindlichkeit und Mut f\u00fcr den Weg.<\/li>\n<li>Sie brauchen das &#8222;gro\u00dfe Bild&#8220; f\u00fcr Ihren Prozess.<\/li>\n<\/ul>\n<\/div>\n","protected":false},"excerpt":{"rendered":"<p>Die cope-Beratung Wir legen mit Ihnen gemeinsam das Ziel der Ver\u00e4nderung fest Wir analysieren den Ist-Zustand Wir erarbeiten mit Ihnen gemeinsam die Wege vom Ist zum Ziel Wir begleiten Sie in der Umsetzung der Ma\u00dfnahmen Wir ziehen mit Ihnen gemeinsam Bilanz Davon gehen wir aus: Sie wissen bereits, dass Ver\u00e4nderung n\u00f6tig ist. Sie brauchen eine &hellip; <a href=\"https:\/\/cope.de\/?page_id=129\" class=\"more-link\"><span class=\"screen-reader-text\">\u201eBeratung\u201c <\/span>weiterlesen<\/a><\/p>\n","protected":false},"author":1,"featured_media":277,"parent":0,"menu_order":0,"comment_status":"closed","ping_status":"closed","template":"","meta":{"footnotes":""},"class_list":["post-129","page","type-page","status-publish","has-post-thumbnail","hentry"],"_links":{"self":[{"href":"https:\/\/cope.de\/index.php?rest_route=\/wp\/v2\/pages\/129","targetHints":{"allow":["GET"]}}],"collection":[{"href":"https:\/\/cope.de\/index.php?rest_route=\/wp\/v2\/pages"}],"about":[{"href":"https:\/\/cope.de\/index.php?rest_route=\/wp\/v2\/types\/page"}],"author":[{"embeddable":true,"href":"https:\/\/cope.de\/index.php?rest_route=\/wp\/v2\/users\/1"}],"replies":[{"embeddable":true,"href":"https:\/\/cope.de\/index.php?rest_route=%2Fwp%2Fv2%2Fcomments&post=129"}],"version-history":[{"count":3,"href":"https:\/\/cope.de\/index.php?rest_route=\/wp\/v2\/pages\/129\/revisions"}],"predecessor-version":[{"id":278,"href":"https:\/\/cope.de\/index.php?rest_route=\/wp\/v2\/pages\/129\/revisions\/278"}],"wp:featuredmedia":[{"embeddable":true,"href":"https:\/\/cope.de\/index.php?rest_route=\/wp\/v2\/media\/277"}],"wp:attachment":[{"href":"https:\/\/cope.de\/index.php?rest_route=%2Fwp%2Fv2%2Fmedia&parent=129"}],"curies":[{"name":"wp","href":"https:\/\/api.w.org\/{rel}","templated":true}]}}