{"id":122,"date":"2018-05-24T20:51:20","date_gmt":"2018-05-24T20:51:20","guid":{"rendered":"http:\/\/wordpress.cope.de\/?page_id=122"},"modified":"2021-04-21T16:28:32","modified_gmt":"2021-04-21T14:28:32","slug":"seminare","status":"publish","type":"page","link":"https:\/\/cope.de\/?page_id=122","title":{"rendered":"Seminare"},"content":{"rendered":"<h2>Unsere Strategie f\u00fcr Ihren Erfolg<\/h2>\n<p>Wer heute dauerhaft Erfolg haben will, vernachl\u00e4ssigt zu keiner Zeit das Lernen. cope hat die passende <a href=\"http:\/\/wordpress.cope.de\/wp-content\/uploads\/2018\/05\/optionen.gif\"><img loading=\"lazy\" decoding=\"async\" class=\" wp-image-123 alignright\" src=\"http:\/\/wordpress.cope.de\/wp-content\/uploads\/2018\/05\/optionen-300x226.gif\" alt=\"\" width=\"131\" height=\"99\" \/><\/a>Strategie: Wir stellen Seminare nach Ihrem Bedarf zusammen. So vermeiden Sie Reibungsverluste, sparen Geld und k\u00f6nnen sich und Ihre Mitarbeiter optimal in der k\u00fcrzest m\u00f6glichen Zeit f\u00fcr den Wettbewerb qualifizieren.<\/p>\n<h2>Wie arbeiten wir?<\/h2>\n<div class=\"paragraph\">\n<ul>\n<li>Der Rahmen f\u00fcr die angestrebten Ziele wird gemeinsam mit dem Auftraggeber abgesteckt<\/li>\n<li>cope entwickelt auf dieser Basis ein individuell zugeschnittenes Konzept<\/li>\n<li>Die Durchf\u00fchrung der Ma\u00dfnahmen richtet sich im Rahmen der Ausschreibung nach den Bed\u00fcrfnissen der Teilnehmenden<\/li>\n<li>Der Lernprozess ist zielorientiert<\/li>\n<li>cope unterst\u00fctzt die Auftraggeber und Teilnehmenden in der Bewertung und Umsetzung der Ergebnisse<\/li>\n<li>cope nutzt Blended Learning, wo dies sinnvoll ist, und hat einiges an Erfahrungen auf unterschiedlichen (Lern-)Plattformen (z. B. Adobe Connect, Ilias, WebEx, Skype, Zoom). Online-Lernen richtig gemacht ist genauso erfolgreich wie ein Pr\u00e4senztraining &#8211; bei den meisten Themen.<\/li>\n<\/ul>\n<h2>Unser Qualifizierungsangebot<\/h2>\n<p>Durch die enge Zusammenarbeit mit Kolleg*innen, z. B. des <a href=\"http:\/\/wordpress.cope.de\/?page_id=81\">copenet <\/a>, k\u00f6nnen wir Ihnen eine breite Auswahl an Themen bieten. Hier einige Klassiker-Beispiele:<\/p>\n<ul>\n<li>Zeit- und Selbstmanagement<\/li>\n<li>Arbeitstechnik \/ Arbeitsorganisation (auch elektronische)<\/li>\n<li>Kundenorientierte Kommunikation<\/li>\n<li>Rhetorik<\/li>\n<li>Projektmanagement, auch agile Methoden<\/li>\n<li>Teamentwicklung<\/li>\n<li>Virtuelles Arbeiten \/ F\u00fchren<\/li>\n<li>Gelingende Online-Meetings mit einer Moderation<\/li>\n<\/ul>\n<p><em>Was ist Ihr Anliegen?<\/em><\/p>\n<\/div>\n","protected":false},"excerpt":{"rendered":"<p>Unsere Strategie f\u00fcr Ihren Erfolg Wer heute dauerhaft Erfolg haben will, vernachl\u00e4ssigt zu keiner Zeit das Lernen. cope hat die passende Strategie: Wir stellen Seminare nach Ihrem Bedarf zusammen. So vermeiden Sie Reibungsverluste, sparen Geld und k\u00f6nnen sich und Ihre Mitarbeiter optimal in der k\u00fcrzest m\u00f6glichen Zeit f\u00fcr den Wettbewerb qualifizieren. Wie arbeiten wir? Der &hellip; <a href=\"https:\/\/cope.de\/?page_id=122\" class=\"more-link\"><span class=\"screen-reader-text\">\u201eSeminare\u201c <\/span>weiterlesen<\/a><\/p>\n","protected":false},"author":1,"featured_media":0,"parent":0,"menu_order":0,"comment_status":"closed","ping_status":"closed","template":"","meta":{"footnotes":""},"class_list":["post-122","page","type-page","status-publish","hentry"],"_links":{"self":[{"href":"https:\/\/cope.de\/index.php?rest_route=\/wp\/v2\/pages\/122","targetHints":{"allow":["GET"]}}],"collection":[{"href":"https:\/\/cope.de\/index.php?rest_route=\/wp\/v2\/pages"}],"about":[{"href":"https:\/\/cope.de\/index.php?rest_route=\/wp\/v2\/types\/page"}],"author":[{"embeddable":true,"href":"https:\/\/cope.de\/index.php?rest_route=\/wp\/v2\/users\/1"}],"replies":[{"embeddable":true,"href":"https:\/\/cope.de\/index.php?rest_route=%2Fwp%2Fv2%2Fcomments&post=122"}],"version-history":[{"count":6,"href":"https:\/\/cope.de\/index.php?rest_route=\/wp\/v2\/pages\/122\/revisions"}],"predecessor-version":[{"id":317,"href":"https:\/\/cope.de\/index.php?rest_route=\/wp\/v2\/pages\/122\/revisions\/317"}],"wp:attachment":[{"href":"https:\/\/cope.de\/index.php?rest_route=%2Fwp%2Fv2%2Fmedia&parent=122"}],"curies":[{"name":"wp","href":"https:\/\/api.w.org\/{rel}","templated":true}]}}