{"id":118,"date":"2018-05-24T20:54:04","date_gmt":"2018-05-24T20:54:04","guid":{"rendered":"http:\/\/wordpress.cope.de\/?page_id=118"},"modified":"2021-04-21T15:42:55","modified_gmt":"2021-04-21T13:42:55","slug":"consulting","status":"publish","type":"page","link":"https:\/\/cope.de\/?page_id=118","title":{"rendered":"Consulting"},"content":{"rendered":"<h2>Warum ist Consulting wichtig?<\/h2>\n<p>Oft reichen Seminare oder Coachings nicht aus. Wenn eine Gruppe von Menschen oder Prozesse sich ver\u00e4ndern (m\u00fcssen), ist Consulting oft der erfolgversprechendere Ansatz. Mit Beratungsma\u00dfnahmen kann die Nachhaltigkeit h\u00f6her sein, als mit Seminaren oder einzelnen Coaching-Ma\u00dfnahmen.<\/p>\n<h2>Welche Consulting-Leistungen bieten wir an?<\/h2>\n<ul>\n<li>\n<div class=\"paragraph\">\n<ul>\n<li><a href=\"http:\/\/wordpress.cope.de\/?page_id=129\">Beratung<\/a><\/li>\n<li><a href=\"http:\/\/wordpress.cope.de\/?page_id=132\">Moderation<\/a><\/li>\n<li><a href=\"http:\/\/wordpress.cope.de\/?page_id=134\">Supervision<\/a><\/li>\n<li><a href=\"http:\/\/wordpress.cope.de\/?page_id=139\">Projektleitung<\/a><\/li>\n<\/ul>\n<\/div>\n<\/li>\n<\/ul>\n","protected":false},"excerpt":{"rendered":"<p>Warum ist Consulting wichtig? Oft reichen Seminare oder Coachings nicht aus. Wenn eine Gruppe von Menschen oder Prozesse sich ver\u00e4ndern (m\u00fcssen), ist Consulting oft der erfolgversprechendere Ansatz. Mit Beratungsma\u00dfnahmen kann die Nachhaltigkeit h\u00f6her sein, als mit Seminaren oder einzelnen Coaching-Ma\u00dfnahmen. Welche Consulting-Leistungen bieten wir an? Beratung Moderation Supervision Projektleitung<\/p>\n","protected":false},"author":1,"featured_media":282,"parent":0,"menu_order":0,"comment_status":"closed","ping_status":"closed","template":"","meta":{"footnotes":""},"class_list":["post-118","page","type-page","status-publish","has-post-thumbnail","hentry"],"_links":{"self":[{"href":"https:\/\/cope.de\/index.php?rest_route=\/wp\/v2\/pages\/118","targetHints":{"allow":["GET"]}}],"collection":[{"href":"https:\/\/cope.de\/index.php?rest_route=\/wp\/v2\/pages"}],"about":[{"href":"https:\/\/cope.de\/index.php?rest_route=\/wp\/v2\/types\/page"}],"author":[{"embeddable":true,"href":"https:\/\/cope.de\/index.php?rest_route=\/wp\/v2\/users\/1"}],"replies":[{"embeddable":true,"href":"https:\/\/cope.de\/index.php?rest_route=%2Fwp%2Fv2%2Fcomments&post=118"}],"version-history":[{"count":5,"href":"https:\/\/cope.de\/index.php?rest_route=\/wp\/v2\/pages\/118\/revisions"}],"predecessor-version":[{"id":141,"href":"https:\/\/cope.de\/index.php?rest_route=\/wp\/v2\/pages\/118\/revisions\/141"}],"wp:featuredmedia":[{"embeddable":true,"href":"https:\/\/cope.de\/index.php?rest_route=\/wp\/v2\/media\/282"}],"wp:attachment":[{"href":"https:\/\/cope.de\/index.php?rest_route=%2Fwp%2Fv2%2Fmedia&parent=118"}],"curies":[{"name":"wp","href":"https:\/\/api.w.org\/{rel}","templated":true}]}}