{"id":115,"date":"2018-05-24T20:42:17","date_gmt":"2018-05-24T20:42:17","guid":{"rendered":"http:\/\/wordpress.cope.de\/?page_id=115"},"modified":"2020-01-05T15:17:45","modified_gmt":"2020-01-05T13:17:45","slug":"coaching","status":"publish","type":"page","link":"https:\/\/cope.de\/?page_id=115","title":{"rendered":"Coaching"},"content":{"rendered":"<h2>Wir begleiten Ihren Weg<\/h2>\n<p>Wegbegleitung hei\u00dft hier, Menschen im Beruf oder Gruppen in einem Ver\u00e4nderungsprozess zu begleiten. Die Ver\u00e4nderung kann gew\u00fcnscht oder auch erforderlich sein. Coaching ist f\u00fcr uns ein sehr wirkungsvoller Ansatz, um vorhandene Ressourcen sichtbar und erfahrbar zu machen. Oft geht der Blick f\u00fcr &#8222;Was habe ich bereits?&#8220; oder &#8222;Welche vorhandene Erfahrung ist jetzt hilfreich?&#8220; verloren. Wertsch\u00e4tzung ist f\u00fcr uns das grundlegende Verst\u00e4ndnis, dass der Coachee die L\u00f6sung bereits kennt &#8211; wir verstehen uns nicht als &#8222;L\u00f6sungsbringer&#8220;.<\/p>\n<p>Coaching geschieht oft in einem Dreicks-Kontrakt. Auftraggeber oder &#8222;Zahler&#8220; ist ein anderer als der Coachee. In diesen Kontexten ist Vertraulichkeit und Freiwilligkeit eine wichtige Grundlage. Der Coachee entscheidet selbst, was aus dem Coachingprozess an einen Auftraggeber kommuniziert wird. Der Auftraggeber ist derjenige, der in die Zielvereinbarung einzubinden ist &#8211; und mit dem klare Kriterien oder Messbarkeiten f\u00fcr die Ver\u00e4nderung diskutiert werden.<\/p>\n<p>F\u00fcr Coachings steht in den B\u00fcror\u00e4umen von cope ein Coaching-Raum zur Verf\u00fcgung. Je nach Wetterlage und &#8222;Laune&#8220; l\u00e4asst sich Kirschhausen mit einem &#8222;Coach und Walk&#8220; verkn\u00fcpfen. Das B\u00fcro liegt an Rand von Wald und Wiese und damit mitten in sch\u00f6nster Natur. Das Bild wurde direkt neben dem B\u00fcro aufgenommen -und l\u00e4dt zu Coaching beim Laufen ein?<\/p>\n<h2>In welchem Kontext kann Coaching passen?<\/h2>\n<ul>\n<li>\n<div class=\"paragraph\">\n<ul>\n<li>Coaching in Wirr-Warr-Situationen<\/li>\n<li>Coaching in Umbruch-Lebenslagen<\/li>\n<li>Coaching, wenn das Ziel da ist, aber der Weg noch nicht<\/li>\n<li>Coaching, wenn es mehr Orientierung braucht<\/li>\n<li>Coaching in beruflichen Ver\u00e4nderungsprozessen<\/li>\n<li>Was ist Ihr Coaching-Anlass?<\/li>\n<\/ul>\n<\/div>\n<\/li>\n<\/ul>\n","protected":false},"excerpt":{"rendered":"<p>Wir begleiten Ihren Weg Wegbegleitung hei\u00dft hier, Menschen im Beruf oder Gruppen in einem Ver\u00e4nderungsprozess zu begleiten. Die Ver\u00e4nderung kann gew\u00fcnscht oder auch erforderlich sein. Coaching ist f\u00fcr uns ein sehr wirkungsvoller Ansatz, um vorhandene Ressourcen sichtbar und erfahrbar zu machen. Oft geht der Blick f\u00fcr &#8222;Was habe ich bereits?&#8220; oder &#8222;Welche vorhandene Erfahrung ist &hellip; <a href=\"https:\/\/cope.de\/?page_id=115\" class=\"more-link\"><span class=\"screen-reader-text\">\u201eCoaching\u201c <\/span>weiterlesen<\/a><\/p>\n","protected":false},"author":1,"featured_media":217,"parent":0,"menu_order":0,"comment_status":"closed","ping_status":"closed","template":"","meta":{"footnotes":""},"class_list":["post-115","page","type-page","status-publish","has-post-thumbnail","hentry"],"_links":{"self":[{"href":"https:\/\/cope.de\/index.php?rest_route=\/wp\/v2\/pages\/115","targetHints":{"allow":["GET"]}}],"collection":[{"href":"https:\/\/cope.de\/index.php?rest_route=\/wp\/v2\/pages"}],"about":[{"href":"https:\/\/cope.de\/index.php?rest_route=\/wp\/v2\/types\/page"}],"author":[{"embeddable":true,"href":"https:\/\/cope.de\/index.php?rest_route=\/wp\/v2\/users\/1"}],"replies":[{"embeddable":true,"href":"https:\/\/cope.de\/index.php?rest_route=%2Fwp%2Fv2%2Fcomments&post=115"}],"version-history":[{"count":4,"href":"https:\/\/cope.de\/index.php?rest_route=\/wp\/v2\/pages\/115\/revisions"}],"predecessor-version":[{"id":255,"href":"https:\/\/cope.de\/index.php?rest_route=\/wp\/v2\/pages\/115\/revisions\/255"}],"wp:featuredmedia":[{"embeddable":true,"href":"https:\/\/cope.de\/index.php?rest_route=\/wp\/v2\/media\/217"}],"wp:attachment":[{"href":"https:\/\/cope.de\/index.php?rest_route=%2Fwp%2Fv2%2Fmedia&parent=115"}],"curies":[{"name":"wp","href":"https:\/\/api.w.org\/{rel}","templated":true}]}}