{"id":112,"date":"2018-05-24T20:38:07","date_gmt":"2018-05-24T20:38:07","guid":{"rendered":"http:\/\/wordpress.cope.de\/?page_id=112"},"modified":"2021-04-21T15:46:00","modified_gmt":"2021-04-21T13:46:00","slug":"unser-angebot","status":"publish","type":"page","link":"https:\/\/cope.de\/?page_id=112","title":{"rendered":"Unser Angebot"},"content":{"rendered":"<h2>Unsere Zusammenarbeit mit Ihnen<\/h2>\n<p>In einem ersten Kontakt kl\u00e4ren wir, was Ihr Ziel ist und vor welchem Hintergrund dieses Ziel entstanden ist. Dabei bringen wir uns mit unserer mehr als 25j\u00e4hrigen Erfahrung ein. Im Rahmen der Auftrags- und Zielkl\u00e4rung legen wir auch fest, was passend ist (Training, Coaching, Beratung).<\/p>\n<p>Schritt f\u00fcr Schritt setzen wir dann die vereinbarten Ma\u00dfnahmen um. An den festgelegten Zwischenstationen halten wir inne und reflektieren: Welche Erfahrungen haben wir gemacht? Wo stehen wir aktuell? Wo wollten wir stehn? Passt das Ziel noch? Was ist als n\u00e4chster Schritt passend?<\/p>\n<p>So erreichen wir prozessgesteuert und ressourcenorientiert die machbaren Ziele.<\/p>\n<h3>Was d\u00fcrfen wir f\u00fcr Sie tun?<\/h3>\n<ul>\n<li>\n<div class=\"paragraph\">\n<ul>\n<li>Wir helfen Ihnen, durch konsequente Weiterentwicklung individueller St\u00e4rken noch erfolgreicher zu werden.<\/li>\n<li>Wir optimieren Zusammenarbeit in und au\u00dferhalb von Unternehmen.<\/li>\n<li>Dazu kombinieren wir nach Ihrem individuellen Bedarf <a href=\"http:\/\/wordpress.cope.de\/?page_id=122\">Seminare<\/a><b> &#8211; <\/b><a href=\"http:\/\/wordpress.cope.de\/?page_id=118\">Consulting<\/a><b> &#8211; <\/b><a href=\"http:\/\/wordpress.cope.de\/?page_id=115\">Coaching<\/a>\n<p><figure id=\"attachment_113\" aria-describedby=\"caption-attachment-113\" style=\"width: 243px\" class=\"wp-caption alignright\"><a href=\"http:\/\/wordpress.cope.de\/wp-content\/uploads\/2018\/05\/kombination.jpg\"><img loading=\"lazy\" decoding=\"async\" class=\"size-full wp-image-113\" src=\"http:\/\/wordpress.cope.de\/wp-content\/uploads\/2018\/05\/kombination.jpg\" alt=\"\" width=\"243\" height=\"190\" \/><\/a><figcaption id=\"caption-attachment-113\" class=\"wp-caption-text\"><strong>Training &#8211; Beratung &#8211; Coaching:<\/strong><br \/>Die individuelle Kombination dieser Komponenten ist unsere St\u00e4rke<\/figcaption><\/figure><\/li>\n<\/ul>\n<\/div>\n<\/li>\n<\/ul>\n","protected":false},"excerpt":{"rendered":"<p>Unsere Zusammenarbeit mit Ihnen In einem ersten Kontakt kl\u00e4ren wir, was Ihr Ziel ist und vor welchem Hintergrund dieses Ziel entstanden ist. Dabei bringen wir uns mit unserer mehr als 25j\u00e4hrigen Erfahrung ein. Im Rahmen der Auftrags- und Zielkl\u00e4rung legen wir auch fest, was passend ist (Training, Coaching, Beratung). Schritt f\u00fcr Schritt setzen wir dann &hellip; <a href=\"https:\/\/cope.de\/?page_id=112\" class=\"more-link\"><span class=\"screen-reader-text\">\u201eUnser Angebot\u201c <\/span>weiterlesen<\/a><\/p>\n","protected":false},"author":1,"featured_media":0,"parent":0,"menu_order":0,"comment_status":"closed","ping_status":"closed","template":"","meta":{"footnotes":""},"class_list":["post-112","page","type-page","status-publish","hentry"],"_links":{"self":[{"href":"https:\/\/cope.de\/index.php?rest_route=\/wp\/v2\/pages\/112","targetHints":{"allow":["GET"]}}],"collection":[{"href":"https:\/\/cope.de\/index.php?rest_route=\/wp\/v2\/pages"}],"about":[{"href":"https:\/\/cope.de\/index.php?rest_route=\/wp\/v2\/types\/page"}],"author":[{"embeddable":true,"href":"https:\/\/cope.de\/index.php?rest_route=\/wp\/v2\/users\/1"}],"replies":[{"embeddable":true,"href":"https:\/\/cope.de\/index.php?rest_route=%2Fwp%2Fv2%2Fcomments&post=112"}],"version-history":[{"count":8,"href":"https:\/\/cope.de\/index.php?rest_route=\/wp\/v2\/pages\/112\/revisions"}],"predecessor-version":[{"id":285,"href":"https:\/\/cope.de\/index.php?rest_route=\/wp\/v2\/pages\/112\/revisions\/285"}],"wp:attachment":[{"href":"https:\/\/cope.de\/index.php?rest_route=%2Fwp%2Fv2%2Fmedia&parent=112"}],"curies":[{"name":"wp","href":"https:\/\/api.w.org\/{rel}","templated":true}]}}